{"id":31,"date":"2023-10-12T14:42:01","date_gmt":"2023-10-12T17:42:01","guid":{"rendered":"https:\/\/edvar.pro.br\/sindproifespa\/?page_id=31"},"modified":"2023-10-13T20:23:01","modified_gmt":"2023-10-13T23:23:01","slug":"fale-conosco","status":"publish","type":"page","link":"https:\/\/edvar.pro.br\/sindproifespa\/fale-conosco\/","title":{"rendered":"Fale Conosco"},"content":{"rendered":"\t\t<div data-elementor-type=\"wp-page\" data-elementor-id=\"31\" class=\"elementor elementor-31\" data-elementor-post-type=\"page\">\n\t\t\t\t<div class=\"elementor-element elementor-element-3e4bb2d e-flex e-con-boxed e-con e-parent\" data-id=\"3e4bb2d\" data-element_type=\"container\" data-settings=\"{&quot;background_background&quot;:&quot;classic&quot;}\">\n\t\t\t\t\t<div class=\"e-con-inner\">\n\t\t<div class=\"elementor-element elementor-element-e415692 e-con-full e-flex e-con e-child\" data-id=\"e415692\" data-element_type=\"container\">\n\t\t\t\t<div class=\"elementor-element elementor-element-4c07b29 elementor-widget elementor-widget-heading\" data-id=\"4c07b29\" data-element_type=\"widget\" data-widget_type=\"heading.default\">\n\t\t\t\t<div class=\"elementor-widget-container\">\n\t\t\t\t\t<h2 class=\"elementor-heading-title elementor-size-default\">Fale Conosco<\/h2>\t\t\t\t<\/div>\n\t\t\t\t<\/div>\n\t\t\t\t<\/div>\n\t\t<div class=\"elementor-element elementor-element-e22a2a7 e-con-full e-flex e-con e-child\" data-id=\"e22a2a7\" data-element_type=\"container\">\n\t\t\t\t<\/div>\n\t\t\t\t\t<\/div>\n\t\t\t\t<\/div>\n\t\t<div class=\"elementor-element elementor-element-aaad47f e-flex e-con-boxed e-con e-parent\" data-id=\"aaad47f\" data-element_type=\"container\">\n\t\t\t\t\t<div class=\"e-con-inner\">\n\t\t\t\t<div class=\"elementor-element elementor-element-86a87bc elementor-widget elementor-widget-heading\" data-id=\"86a87bc\" data-element_type=\"widget\" data-widget_type=\"heading.default\">\n\t\t\t\t<div class=\"elementor-widget-container\">\n\t\t\t\t\t<h2 class=\"elementor-heading-title elementor-size-default\">Nosso endere\u00e7o:<\/h2>\t\t\t\t<\/div>\n\t\t\t\t<\/div>\n\t\t\t\t<div class=\"elementor-element elementor-element-bca1f2c elementor-widget elementor-widget-text-editor\" data-id=\"bca1f2c\" data-element_type=\"widget\" data-widget_type=\"text-editor.default\">\n\t\t\t\t<div class=\"elementor-widget-container\">\n\t\t\t\t\t\t\t\t\t<ul><li>Rua Augusto Corr\u00eaa, 01, Complexo do Vadi\u00e3o, Sala XXX, Bairro do Guam\u00e1.<\/li><li>Universidade Federal do Par\u00e1<\/li><\/ul>\t\t\t\t\t\t\t\t<\/div>\n\t\t\t\t<\/div>\n\t\t\t\t<div class=\"elementor-element elementor-element-eda0261 elementor-widget elementor-widget-google_maps\" data-id=\"eda0261\" data-element_type=\"widget\" data-widget_type=\"google_maps.default\">\n\t\t\t\t<div class=\"elementor-widget-container\">\n\t\t\t\t\t\t\t<div class=\"elementor-custom-embed\">\n\t\t\t<iframe loading=\"lazy\"\n\t\t\t\t\tsrc=\"https:\/\/maps.google.com\/maps?q=vadiao%2C%20ufpa&#038;t=m&#038;z=16&#038;output=embed&#038;iwloc=near\"\n\t\t\t\t\ttitle=\"vadiao, ufpa\"\n\t\t\t\t\taria-label=\"vadiao, ufpa\"\n\t\t\t><\/iframe>\n\t\t<\/div>\n\t\t\t\t\t\t<\/div>\n\t\t\t\t<\/div>\n\t\t\t\t\t<\/div>\n\t\t\t\t<\/div>\n\t\t\t\t<\/div>\n\t\t","protected":false},"excerpt":{"rendered":"<p>Fale Conosco Nosso endere\u00e7o: Rua Augusto Corr\u00eaa, 01, Complexo do Vadi\u00e3o, Sala XXX, Bairro do Guam\u00e1. Universidade Federal do Par\u00e1<\/p>\n","protected":false},"author":1,"featured_media":0,"parent":0,"menu_order":0,"comment_status":"closed","ping_status":"closed","template":"","meta":{"footnotes":""},"class_list":["post-31","page","type-page","status-publish","hentry"],"_links":{"self":[{"href":"https:\/\/edvar.pro.br\/sindproifespa\/wp-json\/wp\/v2\/pages\/31","targetHints":{"allow":["GET"]}}],"collection":[{"href":"https:\/\/edvar.pro.br\/sindproifespa\/wp-json\/wp\/v2\/pages"}],"about":[{"href":"https:\/\/edvar.pro.br\/sindproifespa\/wp-json\/wp\/v2\/types\/page"}],"author":[{"embeddable":true,"href":"https:\/\/edvar.pro.br\/sindproifespa\/wp-json\/wp\/v2\/users\/1"}],"replies":[{"embeddable":true,"href":"https:\/\/edvar.pro.br\/sindproifespa\/wp-json\/wp\/v2\/comments?post=31"}],"version-history":[{"count":46,"href":"https:\/\/edvar.pro.br\/sindproifespa\/wp-json\/wp\/v2\/pages\/31\/revisions"}],"predecessor-version":[{"id":426,"href":"https:\/\/edvar.pro.br\/sindproifespa\/wp-json\/wp\/v2\/pages\/31\/revisions\/426"}],"wp:attachment":[{"href":"https:\/\/edvar.pro.br\/sindproifespa\/wp-json\/wp\/v2\/media?parent=31"}],"curies":[{"name":"wp","href":"https:\/\/api.w.org\/{rel}","templated":true}]}}